{"id":661,"date":"2023-02-20T09:03:15","date_gmt":"2023-02-20T09:03:15","guid":{"rendered":"https:\/\/artcouturier.ro\/?page_id=661"},"modified":"2023-02-20T09:23:02","modified_gmt":"2023-02-20T09:23:02","slug":"multumiri","status":"publish","type":"page","link":"https:\/\/artcouturier.ro\/index.php\/multumiri\/","title":{"rendered":"Multumiri"},"content":{"rendered":"<div id=\"sp-page\" class=\"spBgcover sp-content-1\" style=\"background-color: rgb(255, 255, 255); font-family: Inter, sans-serif; font-weight: 400;\">\n<section id=\"sp-r703ln\" data-mobile-visibility=\"#sp-r703ln|false\" data-desktop-visibility=\"#sp-r703ln|false\" class=\"sp-el-section \" style=\"width: 100%; max-width: 100%; padding: 10px;\">\n<pre data-mobile-css=\"\"><\/pre>\n<div id=\"sp-ztqo9u\" data-mobile-visibility=\"#sp-ztqo9u|false\" data-desktop-visibility=\"#sp-ztqo9u|false\" class=\"sp-el-row sm:sp-flex sp-w-full  sp-m-auto sp-justify-between\" style=\"padding: 0px; width: auto; max-width: 1000px;\">\n<pre data-mobile-css=\"\"><\/pre>\n<div id=\"sp-evcxt8\" data-mobile-visibility=\"#sp-evcxt8|false\" data-desktop-visibility=\"#sp-evcxt8|false\" class=\"sp-el-col  sp-w-full\" style=\"width: calc(100% - 0px);\">\n<pre data-mobile-css=\"\"><\/pre>\n<style type=\"text\/css\">\n        #sp-evcxt8 .sp-col-top .seedprod-shape-fill {fill: undefined;} #sp-evcxt8 .sp-col-top svg {width: undefined%;height: undefinedpx;transform: translateX(-50%);} #sp-evcxt8 .sp-col-bottom .seedprod-shape-fill {fill: undefined;} #sp-evcxt8 .sp-col-bottom svg {width: undefined%;height: undefinedpx;transform: translateX(-50%);}\n      <\/style>\n<div class=\"sp-col-shape sp-col-top\" style=\"z-index: 0;\">\n<div><\/div>\n<\/div>\n<div class=\"sp-col-shape sp-col-bottom\" style=\"z-index: 0;\">\n<div><\/div>\n<\/div>\n<figure id=\"sp-zbwp6z\" data-mobile-css=\"#sp-zbwp6z|text-align:center;\" class=\"sp-image-wrapper sp-el-block\" style=\"margin: 0px; text-align: center;\">\n<div><span><img decoding=\"async\" src=\"https:\/\/assets.seedprod.com\/5vd39f9p38bc88tq.png\" alt=\"\" width=\"\" height=\"\" data-mobile-visibility=\".sp-image-block-zbwp6z|false\" data-desktop-visibility=\".sp-image-block-zbwp6z|false\" class=\"sp-image-block-zbwp6z\"><\/span><\/div>\n<\/figure>\n<h1 id=\"sp-ia5viq\" data-mobile-css=\".sp-headline-block-ia5viq, #sp-ia5viq, #ia5viq|text-align:center;\" data-mobile-visibility=\".sp-headline-block-ia5viq|false\" data-desktop-visibility=\".sp-headline-block-ia5viq|false\" class=\"sp-css-target sp-el-block sp-headline-block-ia5viq sp-type-header\" style=\"font-size: 62px; text-align: center; margin: 0px;\">Mul\u021bumim pentru completarea formularului. Te vom contacta c\u00e2t de cur\u00e2nd posibil!<\/h1>\n<div id=\"sp-pmbipr\" data-mobile-css=\"#sp-pmbipr|height:60px;\" class=\"sp-spacer\" style=\"height: 32px;\"><\/div>\n<div id=\"sp-button-parent-g0s21p\" data-mobile-css=\"#sp-button-parent-g0s21p|text-align:center;\" class=\"sp-button-wrapper sp-el-block\" style=\"margin: 0px; text-align: center;\"><a href=\"https:\/\/artcouturier.ro\/\" id=\"sp-g0s21p\" data-mobile-css=\"\" data-mobile-visibility=\".sp-button-g0s21p|false\" data-desktop-visibility=\".sp-button-g0s21p|false\" target=\"\" rel=\"noopener\" class=\"sp-button sp-css-target sp-text-center sp-inline-block sp-leading-none sp-button-g0s21p\" style=\"font-size: 19px; background: rgb(255, 48, 118); color: rgb(255, 255, 255); width: auto; padding: 16px 30px; border-radius: 100px;\"><i class=\"sp-mr-2 fas fa-long-arrow-alt-left\"><\/i><span>Pagina principal\u0103<\/span><\/a><\/div>\n<div id=\"sp-t8hf8l\" data-mobile-css=\"#sp-t8hf8l|height:60px;\" class=\"sp-spacer\" style=\"height: 60px;\"><\/div>\n<div id=\"kqmqtm\" data-mobile-css=\".sp-text-wrapper-kqmqtm, #sp-kqmqtm, #kqmqtm|text-align:left;\" data-mobile-visibility=\".sp-text-wrapper-kqmqtm|false\" data-desktop-visibility=\".sp-text-wrapper-kqmqtm|false\" class=\"sp-css-target sp-text-wrapper sp-el-block sp-text-wrapper-kqmqtm mce-content-body html4-captions\" style=\"font-size: 18px; margin: 0px; text-align: left; position: relative;\"  >\n<p style=\"text-align: center;\" data-mce-style=\"text-align: center;\">\u00cen cazul \u00een care ave\u021bi alte \u00eentreb\u0103ri sau neclarit\u0103\u021bi, <a href=\"adriana.calin@artcouturier.ro\" target=\"_blank\" rel=\"noopener\" data-mce-href=\"adriana.calin@artcouturier.ro\">contacta\u021bi-ne.<\/a><\/p>\n<\/div>\n<\/div>\n<\/div>\n<\/section>\n<\/div>\n","protected":false},"excerpt":{"rendered":"<p>Mul\u021bumim pentru completarea formularului. Te vom contacta c\u00e2t de cur\u00e2nd posibil! Pagina principal\u0103 \u00cen cazul \u00een care ave\u021bi alte \u00eentreb\u0103ri sau neclarit\u0103\u021bi, contacta\u021bi-ne.<\/p>\n","protected":false},"author":1,"featured_media":0,"parent":0,"menu_order":0,"comment_status":"closed","ping_status":"closed","template":"","meta":{"_monsterinsights_skip_tracking":false,"_monsterinsights_sitenote_active":false,"_monsterinsights_sitenote_note":"","_monsterinsights_sitenote_category":0,"footnotes":""},"class_list":["post-661","page","type-page","status-publish","hentry"],"aioseo_notices":[],"_links":{"self":[{"href":"https:\/\/artcouturier.ro\/index.php\/wp-json\/wp\/v2\/pages\/661","targetHints":{"allow":["GET"]}}],"collection":[{"href":"https:\/\/artcouturier.ro\/index.php\/wp-json\/wp\/v2\/pages"}],"about":[{"href":"https:\/\/artcouturier.ro\/index.php\/wp-json\/wp\/v2\/types\/page"}],"author":[{"embeddable":true,"href":"https:\/\/artcouturier.ro\/index.php\/wp-json\/wp\/v2\/users\/1"}],"replies":[{"embeddable":true,"href":"https:\/\/artcouturier.ro\/index.php\/wp-json\/wp\/v2\/comments?post=661"}],"version-history":[{"count":5,"href":"https:\/\/artcouturier.ro\/index.php\/wp-json\/wp\/v2\/pages\/661\/revisions"}],"predecessor-version":[{"id":667,"href":"https:\/\/artcouturier.ro\/index.php\/wp-json\/wp\/v2\/pages\/661\/revisions\/667"}],"wp:attachment":[{"href":"https:\/\/artcouturier.ro\/index.php\/wp-json\/wp\/v2\/media?parent=661"}],"curies":[{"name":"wp","href":"https:\/\/api.w.org\/{rel}","templated":true}]}}